{"id":554,"date":"2017-05-17T21:06:37","date_gmt":"2017-05-17T21:06:37","guid":{"rendered":"http:\/\/portneufculturel.com\/wp\/?page_id=554"},"modified":"2024-12-17T10:17:06","modified_gmt":"2024-12-17T15:17:06","slug":"la-table-de-concertation-culture","status":"publish","type":"page","link":"https:\/\/portneufculturel.com\/wp\/la-table-de-concertation-culture\/","title":{"rendered":"La table de concertation Culture"},"content":{"rendered":"<p>[et_pb_section fb_built=\u00a0\u00bb1&Prime; admin_label=\u00a0\u00bbsection\u00a0\u00bb _builder_version=\u00a0\u00bb4.16&Prime; custom_padding=\u00a0\u00bb20px||||false|false\u00a0\u00bb collapsed=\u00a0\u00bboff\u00a0\u00bb global_colors_info=\u00a0\u00bb{}\u00a0\u00bb][et_pb_row admin_label=\u00a0\u00bbrow\u00a0\u00bb _builder_version=\u00a0\u00bb4.16&Prime; background_size=\u00a0\u00bbinitial\u00a0\u00bb background_position=\u00a0\u00bbtop_left\u00a0\u00bb background_repeat=\u00a0\u00bbrepeat\u00a0\u00bb global_colors_info=\u00a0\u00bb{}\u00a0\u00bb][et_pb_column type=\u00a0\u00bb4_4&Prime; _builder_version=\u00a0\u00bb4.16&Prime; custom_padding=\u00a0\u00bb|||\u00a0\u00bb global_colors_info=\u00a0\u00bb{}\u00a0\u00bb custom_padding__hover=\u00a0\u00bb|||\u00a0\u00bb][et_pb_text admin_label=\u00a0\u00bbTexte\u00a0\u00bb _builder_version=\u00a0\u00bb4.27.4&Prime; background_size=\u00a0\u00bbinitial\u00a0\u00bb background_position=\u00a0\u00bbtop_left\u00a0\u00bb background_repeat=\u00a0\u00bbrepeat\u00a0\u00bb text_orientation=\u00a0\u00bbjustified\u00a0\u00bb hover_enabled=\u00a0\u00bb0&Prime; use_border_color=\u00a0\u00bboff\u00a0\u00bb global_colors_info=\u00a0\u00bb{}\u00a0\u00bb sticky_enabled=\u00a0\u00bb0&Prime;]<\/p>\n<h2 style=\"text-align: center;\">Table de concertation culture<\/h2>\n<p>&nbsp;<\/p>\n<hr \/>\n<p>&nbsp;<\/p>\n<div>La table de concertation Culture de la MRC de Portneuf joue un r\u00f4le d\u2019organisme consultatif aupr\u00e8s des instances d\u00e9cisionnelles r\u00e9gionales et un r\u00f4le d\u2019organisme d\u2019influence ou de pression aupr\u00e8s des instances locales, r\u00e9gionales, provinciales et f\u00e9d\u00e9rales. Elle a comme objectifs de privil\u00e9gier les activit\u00e9s qui contribuent \u00e0 l\u2019\u00e9panouissement culturel collectif des Portneuvois, de favoriser la mise en place d\u2019une vision commune pour le d\u00e9veloppement culturel r\u00e9gional et d\u2019augmenter la visibilit\u00e9, la diffusion et la promotion des activit\u00e9s et des organismes culturels de la r\u00e9gion.<\/div>\n<p>&nbsp;<\/p>\n<div>La table de concertation Culture est compos\u00e9e de repr\u00e9sentants d\u2019organismes culturels dont les activit\u00e9s sont promues dans la r\u00e9gion de Portneuf. Ces repr\u00e9sentants doivent \u00eatre mandat\u00e9s annuellement, par r\u00e9solution, par lesdits organismes. Quant \u00e0 la repr\u00e9sentation du milieu artistique, les artistes professionnels \u00e9tablis dans la MRC de Portneuf sont invit\u00e9s \u00e0 participer aux travaux de la table \u00e0 raison d\u2019un repr\u00e9sentant par discipline. Les membres de la table de concertation se r\u00e9unissent environ quatre fois par ann\u00e9e.<\/div>\n<p>&nbsp;<\/p>\n<div>Pour plus de renseignements, contactez l\u2019<a href=\"http:\/\/portneufculturel.com\/wp\/contact\/\">agent de d\u00e9veloppement culturel<\/a> de la MRC de Portneuf.<\/div>\n<p>&nbsp;<\/p>\n<div><em>La table de concertation a pris part \u00e0 la consultation publique initi\u00e9 par le Minist\u00e8re de la Culture et des Communications du Qu\u00e9bec, dans le cadre du renouvellement de la <a href=\"https:\/\/partoutlaculture.gouv.qc.ca\/politique\/\">Politique culturelle du Qu\u00e9bec<\/a>.\u00a0<\/em><\/div>\n<ul>\n<li><a href=\"http:\/\/portneufculturel.com\/Bienvenue\/images\/photoalbumdevelop\/mmoire%20table%20de%20concertation%20culture.pdf\" target=\"_blank\" rel=\"noopener noreferrer\">M\u00e9moire de la table de concertation culture<\/a><\/li>\n<li><a href=\"https:\/\/www.mcc.gouv.qc.ca\/index.php?id=5815\" target=\"_blank\" rel=\"noopener noreferrer\">Consulter tous les m\u00e9moires d\u00e9pos\u00e9s<\/a><\/li>\n<\/ul>\n<p>&nbsp;<\/p>\n<div><strong>Organismes pr\u00e9sents au sein de la table de concertation Culture<\/strong><\/div>\n<p>&nbsp;<\/p>\n<div>Biennale internationale du lin de Portneuf : Laurie B\u00e9land<\/div>\n<div>Centre d\u2019archives r\u00e9gional de Portneuf : David Lesage<\/div>\n<div>Comit\u00e9 Tourisme, Patrimoine et Culture de Saint-Casimir : Fernand Dufresne<\/div>\n<div>Conseil du patrimoine culturel de Cap-Sant\u00e9 : Lise Filion<\/div>\n<div>Corporation des lieux historiques de Pont-Rouge :\u00a0<\/div>\n<div>Culture et Patrimoine Deschambault-Grondines : \u00c9liane Trottier<\/div>\n<div>\u00c9cole de Musique Denys-Arcand : V\u00e9ronique P\u00e2quet<\/div>\n<div>Fondation Plamondon : Gabrielle Pich\u00e9<\/div>\n<div>M\u00e9diation culturelle : Sarah B\u00e9langer-Martel<\/div>\n<div>M\u00e9tiers d&rsquo;art : Aaron Bass<\/div>\n<div>Patrimoine religieux: Ludger Lavoie<\/div>\n<div>Soci\u00e9t\u00e9 des Arts Traditionnels de Portneuf : Ga\u00e9tan Morissette<\/div>\n<div>Vues de Neuville : Aubert Tremblay<\/div>\n<div>Culture Saint-Casimir :\u00a0<\/div>\n<p>&nbsp;<\/p>\n<div><strong>Officiers \u00e9lus<\/strong><\/div>\n<p>&nbsp;<\/p>\n<div>Pr\u00e9sident : &#8211;<br \/>Vice-pr\u00e9sidente : &#8211;<br \/>Secr\u00e9taire : Aubert Tremblay<\/div>\n<p>[\/et_pb_text][\/et_pb_column][\/et_pb_row][\/et_pb_section]<\/p>\n","protected":false},"excerpt":{"rendered":"<p>Table de concertation culture &nbsp; &nbsp; La table de concertation Culture de la MRC de Portneuf joue un r\u00f4le d\u2019organisme consultatif aupr\u00e8s des instances d\u00e9cisionnelles r\u00e9gionales et un r\u00f4le d\u2019organisme d\u2019influence ou de pression aupr\u00e8s des instances locales, r\u00e9gionales, provinciales et f\u00e9d\u00e9rales. Elle a comme objectifs de privil\u00e9gier les activit\u00e9s qui contribuent \u00e0 l\u2019\u00e9panouissement culturel [&hellip;]<\/p>\n","protected":false},"author":1,"featured_media":0,"parent":0,"menu_order":0,"comment_status":"closed","ping_status":"closed","template":"","meta":{"_seopress_robots_primary_cat":"","_seopress_titles_title":"","_seopress_titles_desc":"","_seopress_robots_index":"","_et_pb_use_builder":"on","_et_pb_old_content":"","_et_gb_content_width":"","footnotes":""},"class_list":["post-554","page","type-page","status-publish","hentry"],"acf":[],"_links":{"self":[{"href":"https:\/\/portneufculturel.com\/wp\/wp-json\/wp\/v2\/pages\/554","targetHints":{"allow":["GET"]}}],"collection":[{"href":"https:\/\/portneufculturel.com\/wp\/wp-json\/wp\/v2\/pages"}],"about":[{"href":"https:\/\/portneufculturel.com\/wp\/wp-json\/wp\/v2\/types\/page"}],"author":[{"embeddable":true,"href":"https:\/\/portneufculturel.com\/wp\/wp-json\/wp\/v2\/users\/1"}],"replies":[{"embeddable":true,"href":"https:\/\/portneufculturel.com\/wp\/wp-json\/wp\/v2\/comments?post=554"}],"version-history":[{"count":26,"href":"https:\/\/portneufculturel.com\/wp\/wp-json\/wp\/v2\/pages\/554\/revisions"}],"predecessor-version":[{"id":4584,"href":"https:\/\/portneufculturel.com\/wp\/wp-json\/wp\/v2\/pages\/554\/revisions\/4584"}],"wp:attachment":[{"href":"https:\/\/portneufculturel.com\/wp\/wp-json\/wp\/v2\/media?parent=554"}],"curies":[{"name":"wp","href":"https:\/\/api.w.org\/{rel}","templated":true}]}}